{"id":289,"date":"2025-02-28T22:11:46","date_gmt":"2025-02-28T22:11:46","guid":{"rendered":"https:\/\/eclotech.com\/?page_id=289"},"modified":"2025-03-09T16:58:07","modified_gmt":"2025-03-09T16:58:07","slug":"resources","status":"publish","type":"page","link":"https:\/\/eclotech.com\/fr\/resources\/","title":{"rendered":"Ressources"},"content":{"rendered":"<p><\/p>\n\n\n\n<div class=\"wp-block-uagb-container uagb-block-840ec29d alignfull uagb-is-root-container\"><div class=\"uagb-container-inner-blocks-wrap\">\n<div class=\"wp-block-uagb-container uagb-block-a43de6aa\">\n<div class=\"wp-block-uagb-advanced-heading uagb-block-c2b76f55\"><h3 class=\"uagb-heading-text\">Comment ZigBee et DigiMesh peuvent vous aider ?<\/h3><\/div>\n\n\n\n<div class=\"wp-block-uagb-advanced-heading uagb-block-bdfbfc87\"><h4 class=\"uagb-heading-text\">Le monde des objets connect\u00e9s continue d'\u00e9voluer.<\/h4><\/div>\n\n\n\n<div id=\"gspb_text-id-gsbp-a1124fe\" class=\"gspb_text gspb_text-id-gsbp-a1124fe\">Les diff\u00e9rentes technologies \u00e9tant d\u00e9sormais bien con\u00e7ues et tr\u00e8s \u00e9conomiques, il appara\u00eet d\u00e9sormais n\u00e9cessaire voire obligatoire d'utiliser des r\u00e9seaux maill\u00e9s pour un suivi en temps r\u00e9el, pour pr\u00e9venir les probl\u00e8mes, et surtout pour consommer l'\u00e9nergie de mani\u00e8re intelligente et \u00e9conomique. Tout cela dans un contexte d\u2019enjeux climatiques.<br><br>Parmi les nombreux constructeurs, notre choix technologique s'est port\u00e9 sur les modules XBee de Digi international car leur utilisation s'av\u00e8re des plus ouvertes, et l'acc\u00e8s \u00e0 une grande vari\u00e9t\u00e9 de param\u00e8tres est possible.<br>Les d\u00e9veloppeurs et concepteurs de produits bas\u00e9s sur cette technologie appr\u00e9cient avant tout l\u2019utilisation de la programmation MicroPython, offrant le d\u00e9ploiement de r\u00e9seaux complexes et sur mesure.<br><br>Que ce soit pour de la domotique ou des applications sur de grandes surfaces ou espaces ext\u00e9rieurs, vous trouverez toujours une solution avec cette technologie.<\/div>\n<\/div>\n\n\n\n<div class=\"wp-block-columns are-vertically-aligned-center is-layout-flex wp-container-core-columns-is-layout-28f84493 wp-block-columns-is-layout-flex\">\n<div class=\"wp-block-column is-layout-constrained wp-block-column-is-layout-constrained\">\n<div class=\"wp-block-uagb-container uagb-block-d5c3a172\">\n<ul class=\"wp-block-list\">\n<li><a href=\"\/fr\/zigbee-vs-digimesh\/\" title=\"\">ZigBee\u00ae vs DigiMesh\u00ae<\/a><\/li>\n\n\n\n<li><a href=\"\/fr\/network-examples\/\" title=\"\">Exemples de R\u00e9seaux<\/a><\/li>\n<\/ul>\n<\/div>\n<\/div>\n<\/div>\n<\/div><\/div>\n\n\n\n<script src=\"https:\/\/cdn.jsdelivr.net\/particles.js\/2.0.0\/particles.min.js\"><\/script>\n\n<script>\ndocument.addEventListener(\"DOMContentLoaded\", function() {\n    var container = document.querySelector('.wp-block-uagb-container'); \/\/ S\u00e9lection du conteneur\n    if(container) {\n        container.style.position = \"relative\"; \/\/ Assure que le conteneur est en position relative\n        \n        \/\/ Cr\u00e9er le div pour Particles.js\n        var particlesDiv = document.createElement(\"div\");\n        particlesDiv.id = \"particles-js\";\n        particlesDiv.style.position = \"absolute\";\n        particlesDiv.style.top = \"0\";\n        particlesDiv.style.left = \"0\";\n        particlesDiv.style.width = \"100%\";\n        particlesDiv.style.height = \"100%\";\n        particlesDiv.style.zIndex = \"0\"; \/\/ Derri\u00e8re le contenu\n        container.prepend(particlesDiv); \/\/ Ajoute le div dans le conteneur\n        \n        \/\/ Initialisation de Particles.js\n        particlesJS(\"particles-js\", {\n            \"particles\": {\n                \"number\": { \"value\": 80, \"density\": { \"enable\": true, \"value_area\": 1200 } },\n                \"color\": { \"value\": \"#61ce70\" },\n                \"shape\": { \"type\": \"circle\" },\n                \"opacity\": { \"value\": 0.5 },\n                \"size\": { \"value\": 3,\n\t\t\t\t\t\t\t\"anim\": { \"enable\": true, \"speed\": 20, \"size_min\": 0.1, \"sync\": false }\n\t\t\t\t},\n\t\t\t\t\"line_linked\": {\n\t\t\t\t\t\"enable\": true,\n\t\t\t\t\t\"distance\": 150,\n\t\t\t\t\t\"color\": \"#64b3ed\",\n\t\t\t\t\t\"opacity\": 0.4,\n\t\t\t\t\t\"width\": 1\n\t\t\t\t},\n                \"move\": { \"enable\": true, \"speed\": 1 }\n            },\n            \"interactivity\": {\n                \"events\": { \"onhover\": { \"enable\": false, \"mode\": \"repulse\" } }\n            }\n        });\n    }\n});\n<\/script>","protected":false},"excerpt":{"rendered":"<p>How ZigBee or Digimesh can help you ? The world of connected objects continues to evolve.<\/p>","protected":false},"author":1,"featured_media":0,"parent":0,"menu_order":0,"comment_status":"closed","ping_status":"closed","template":"","meta":{"_gspb_post_css":"","_uag_custom_page_level_css":"","site-sidebar-layout":"default","site-content-layout":"","ast-site-content-layout":"default","site-content-style":"default","site-sidebar-style":"default","ast-global-header-display":"","ast-banner-title-visibility":"","ast-main-header-display":"","ast-hfb-above-header-display":"","ast-hfb-below-header-display":"","ast-hfb-mobile-header-display":"","site-post-title":"","ast-breadcrumbs-content":"","ast-featured-img":"","footer-sml-layout":"","ast-disable-related-posts":"","theme-transparent-header-meta":"","adv-header-id-meta":"","stick-header-meta":"","header-above-stick-meta":"","header-main-stick-meta":"","header-below-stick-meta":"","astra-migrate-meta-layouts":"default","ast-page-background-enabled":"default","ast-page-background-meta":{"desktop":{"background-color":"var(--ast-global-color-5)","background-image":"","background-repeat":"repeat","background-position":"center center","background-size":"auto","background-attachment":"scroll","background-type":"","background-media":"","overlay-type":"","overlay-color":"","overlay-opacity":"","overlay-gradient":""},"tablet":{"background-color":"","background-image":"","background-repeat":"repeat","background-position":"center center","background-size":"auto","background-attachment":"scroll","background-type":"","background-media":"","overlay-type":"","overlay-color":"","overlay-opacity":"","overlay-gradient":""},"mobile":{"background-color":"","background-image":"","background-repeat":"repeat","background-position":"center center","background-size":"auto","background-attachment":"scroll","background-type":"","background-media":"","overlay-type":"","overlay-color":"","overlay-opacity":"","overlay-gradient":""}},"ast-content-background-meta":{"desktop":{"background-color":"var(--ast-global-color-4)","background-image":"","background-repeat":"repeat","background-position":"center center","background-size":"auto","background-attachment":"scroll","background-type":"","background-media":"","overlay-type":"","overlay-color":"","overlay-opacity":"","overlay-gradient":""},"tablet":{"background-color":"var(--ast-global-color-4)","background-image":"","background-repeat":"repeat","background-position":"center center","background-size":"auto","background-attachment":"scroll","background-type":"","background-media":"","overlay-type":"","overlay-color":"","overlay-opacity":"","overlay-gradient":""},"mobile":{"background-color":"var(--ast-global-color-4)","background-image":"","background-repeat":"repeat","background-position":"center center","background-size":"auto","background-attachment":"scroll","background-type":"","background-media":"","overlay-type":"","overlay-color":"","overlay-opacity":"","overlay-gradient":""}},"footnotes":""},"class_list":["post-289","page","type-page","status-publish","hentry"],"aioseo_notices":[],"uagb_featured_image_src":{"full":false,"thumbnail":false,"medium":false,"medium_large":false,"large":false,"1536x1536":false,"2048x2048":false,"trp-custom-language-flag":false},"uagb_author_info":{"display_name":"corso","author_link":"https:\/\/eclotech.com\/fr\/author\/corso\/"},"uagb_comment_info":0,"uagb_excerpt":"How ZigBee or Digimesh can help you ? The world of connected objects continues to evolve.","_links":{"self":[{"href":"https:\/\/eclotech.com\/fr\/wp-json\/wp\/v2\/pages\/289","targetHints":{"allow":["GET"]}}],"collection":[{"href":"https:\/\/eclotech.com\/fr\/wp-json\/wp\/v2\/pages"}],"about":[{"href":"https:\/\/eclotech.com\/fr\/wp-json\/wp\/v2\/types\/page"}],"author":[{"embeddable":true,"href":"https:\/\/eclotech.com\/fr\/wp-json\/wp\/v2\/users\/1"}],"replies":[{"embeddable":true,"href":"https:\/\/eclotech.com\/fr\/wp-json\/wp\/v2\/comments?post=289"}],"version-history":[{"count":0,"href":"https:\/\/eclotech.com\/fr\/wp-json\/wp\/v2\/pages\/289\/revisions"}],"wp:attachment":[{"href":"https:\/\/eclotech.com\/fr\/wp-json\/wp\/v2\/media?parent=289"}],"curies":[{"name":"wp","href":"https:\/\/api.w.org\/{rel}","templated":true}]}}