{"id":297,"date":"2025-02-28T22:19:39","date_gmt":"2025-02-28T22:19:39","guid":{"rendered":"https:\/\/eclotech.com\/?page_id=297"},"modified":"2025-03-07T00:47:51","modified_gmt":"2025-03-07T00:47:51","slug":"network-examples","status":"publish","type":"page","link":"https:\/\/eclotech.com\/fr\/network-examples\/","title":{"rendered":"Exemples de R\u00e9seaux"},"content":{"rendered":"<div class=\"wp-block-group uag-hide-mob is-content-justification-right is-layout-constrained wp-container-core-group-is-layout-f1f2ed93 wp-block-group-is-layout-constrained wp-container-1 is-position-sticky\">\t\t\t\t<div class=\"wp-block-uagb-table-of-contents uagb-toc__align-left uagb-toc__columns-1 uagb-toc__collapse uagb-block-3024178f      uagb-toc__collapse--list\"\n\t\t\t\t\tdata-scroll= \"1\"\n\t\t\t\t\tdata-offset= \"30\"\n\t\t\t\t\tstyle=\"\"\n\t\t\t\t>\n\t\t\t\t<div class=\"uagb-toc__wrap\">\n\t\t\t\t\t\t<div class=\"uagb-toc__title\">\n\t\t\t\t\t\t\tTable of Contents\t\t\t\t\t\t\t\t\t\t\t\t\t<svg xmlns=\"https:\/\/www.w3.org\/2000\/svg\" viewbox= \"0 0 384 512\"><path d=\"M192 384c-8.188 0-16.38-3.125-22.62-9.375l-160-160c-12.5-12.5-12.5-32.75 0-45.25s32.75-12.5 45.25 0L192 306.8l137.4-137.4c12.5-12.5 32.75-12.5 45.25 0s12.5 32.75 0 45.25l-160 160C208.4 380.9 200.2 384 192 384z\"><\/path><\/svg>\n\t\t\t\t\t\t\t\t\t\t\t\t\t\t\t\t\t\t\t<\/div>\n\t\t\t\t\t\t\t\t\t\t\t\t\t\t\t\t\t\t\t\t\t\t<div class=\"uagb-toc__list-wrap uagb-toc__list-hidden\">\n\t\t\t\t\t\t<ol class=\"uagb-toc__list\"><li class=\"uagb-toc__list uagb-toc__list--expandable\"><span class=\"list-open\" role=\"button\" tabindex=\"0\" aria-expanded=\"true\"><\/span><a href=\"#connecting-zigeasy-coordinator-to-a-server\" class=\"uagb-toc-link__trigger\">Connexion du coordinateur ZigEasy \u00e0 un serveur<\/a><ul class=\"uagb-toc__list\"><li class=\"uagb-toc__list\"><a href=\"#local-network\" class=\"uagb-toc-link__trigger\">R\u00e9seau Local<\/a><li class=\"uagb-toc__list\"><li class=\"uagb-toc__list\"><a href=\"#local-network-with-access-from-the-internet\" class=\"uagb-toc-link__trigger\">R\u00e9seau local avec acc\u00e8s depuis Internet<\/a><li class=\"uagb-toc__list\"><li class=\"uagb-toc__list\"><a href=\"#remote-server\" class=\"uagb-toc-link__trigger\">Serveur distant<\/a><\/ul><\/ol>\t\t\t\t\t<\/div>\n\t\t\t\t\t\t\t\t\t<\/div>\n\t\t\t\t<\/div>\n\t\t\t<\/div>\n\n\n<div class=\"elementor-element elementor-element-56f7286 elementor-widget elementor-widget-heading\" data-id=\"56f7286\" data-element_type=\"widget\" data-widget_type=\"heading.default\">\n<div class=\"elementor-widget-container\">\n<div class=\"elementor-element elementor-element-e319ddb elementor-widget elementor-widget-heading\" data-id=\"e319ddb\" data-element_type=\"widget\" data-widget_type=\"heading.default\">\n<div class=\"elementor-widget-container\">\n<h1 id=\"0-eael-table-of-content\" class=\"elementor-heading-title elementor-size-default eael-heading-content\">Connexion du coordinateur ZigEasy \u00e0 un serveur<\/h1>\n<\/div>\n<\/div>\n<div class=\"elementor-element elementor-element-264096b elementor-widget elementor-widget-text-editor\" data-id=\"264096b\" data-element_type=\"widget\" data-widget_type=\"text-editor.default\">\n<div class=\"elementor-widget-container\">\n<p>Il existe plusieurs fa\u00e7ons de r\u00e9cup\u00e9rer les donn\u00e9es d'un r\u00e9seau maill\u00e9 con\u00e7u avec le coordinateur ZigEasy. Voici quelques exemples.<\/p>\n<\/div>\n<\/div>\n<h2 id=\"1-eael-table-of-content\" class=\"elementor-heading-title elementor-size-default eael-heading-content\">R\u00e9seau Local<\/h2>\n<\/div>\n<\/div>\n<div class=\"elementor-element elementor-element-638a077 elementor-widget elementor-widget-text-editor\" data-id=\"638a077\" data-element_type=\"widget\" data-widget_type=\"text-editor.default\">\n<div class=\"elementor-widget-container\">\n<p>Cette m\u00e9thode est la mani\u00e8re la plus simple et classique de r\u00e9cup\u00e9rer des donn\u00e9es depuis un serveur local. En principe, il ne permet pas l\u2019acc\u00e8s depuis Internet. Dans ce cas, les donn\u00e9es peuvent \u00eatre transmises en clair.<\/p>\n<blockquote>\n<p><em><span style=\"color: #ffcc00;\">Utiliser GEX en version non s\u00e9curis\u00e9e sera pertinent si les protocoles TCP\/UDP\/HTTPD vous suffisent.<\/span><\/em><\/p>\n<\/blockquote>\n<\/div>\n<\/div>\n<div><img decoding=\"async\" class=\"aligncenter wp-image-597 size-full\" src=\"https:\/\/eclotech.com\/wp-content\/uploads\/2025\/03\/Network3.webp\" alt=\"Local Network\" width=\"827\" height=\"354\" srcset=\"https:\/\/eclotech.com\/wp-content\/uploads\/2025\/03\/Network3.webp 827w, https:\/\/eclotech.com\/wp-content\/uploads\/2025\/03\/Network3-500x214.webp 500w, https:\/\/eclotech.com\/wp-content\/uploads\/2025\/03\/Network3-768x329.webp 768w\" sizes=\"(max-width: 827px) 100vw, 827px\" \/><\/div>\n<div>\u00a0<\/div>\n<div>\u00a0<\/div>\n<div>\u00a0<\/div>\n<div>\u00a0<\/div>\n<hr \/>\n<div class=\"elementor-element elementor-element-6ad1662 elementor-widget elementor-widget-image\" data-id=\"6ad1662\" data-element_type=\"widget\" data-widget_type=\"image.default\">\n<div class=\"elementor-element elementor-element-566dae5 elementor-widget elementor-widget-heading\" data-id=\"566dae5\" data-element_type=\"widget\" data-widget_type=\"heading.default\">\n<div class=\"elementor-widget-container\">\n<h2 id=\"2-eael-table-of-content\" class=\"elementor-heading-title elementor-size-default eael-heading-content\">R\u00e9seau local avec acc\u00e8s depuis Internet<\/h2>\n<\/div>\n<\/div>\n<div class=\"elementor-element elementor-element-126b82f elementor-widget elementor-widget-text-editor\" data-id=\"126b82f\" data-element_type=\"widget\" data-widget_type=\"text-editor.default\">\n<div class=\"elementor-widget-container\">\n<p>Avec cette m\u00e9thode, nous utilisons le sch\u00e9ma de r\u00e9seau local ci-dessus, mais ajoutons l'acc\u00e8s au serveur depuis Internet.\u00a0<strong>Dans ce cas, il est essentiel de s\u00e9curiser les donn\u00e9es, uniquement entre le serveur local et les utilisateurs.<\/strong><\/p>\n<p>Pour ce faire, il existe quelques possibilit\u00e9s dont celle-ci :<\/p>\n<ul>\n<li>Installez un proxy comme Nginx sur votre serveur local avec une m\u00e9thode de chiffrement TLS.<\/li>\n<\/ul>\n<blockquote>\n<p><em><span style=\"color: #ffcc00;\">L'utilisation de la s\u00e9rie GEX non s\u00e9curis\u00e9e ou s\u00e9curis\u00e9e GEX S est similaire, selon les protocoles Ethernet que vous souhaitez utiliser.<\/span><\/em><\/p>\n<\/blockquote>\n<\/div>\n<\/div>\n<div class=\"elementor-element elementor-element-4aadd8a elementor-widget elementor-widget-image\" data-id=\"4aadd8a\" data-element_type=\"widget\" data-widget_type=\"image.default\">\n<div class=\"elementor-widget-container\"><img decoding=\"async\" class=\"aligncenter wp-image-596 size-full\" src=\"https:\/\/eclotech.com\/wp-content\/uploads\/2025\/03\/Network2.webp\" alt=\"Local network &amp; internet\" width=\"1022\" height=\"380\" srcset=\"https:\/\/eclotech.com\/wp-content\/uploads\/2025\/03\/Network2.webp 1022w, https:\/\/eclotech.com\/wp-content\/uploads\/2025\/03\/Network2-500x186.webp 500w, https:\/\/eclotech.com\/wp-content\/uploads\/2025\/03\/Network2-768x286.webp 768w\" sizes=\"(max-width: 1022px) 100vw, 1022px\" \/><\/div>\n<\/div>\n<div>\u00a0<\/div>\n<\/div>\n<div>\u00a0<\/div>\n<div>\u00a0<\/div>\n<div class=\"elementor-element elementor-element-6ad1662 elementor-widget elementor-widget-image\" data-id=\"6ad1662\" data-element_type=\"widget\" data-widget_type=\"image.default\">\n<div class=\"elementor-element elementor-element-4aadd8a elementor-widget elementor-widget-image\" data-id=\"4aadd8a\" data-element_type=\"widget\" data-widget_type=\"image.default\">\n<div>\n<hr \/><\/div>\n<\/div>\n<div class=\"elementor-element elementor-element-8e6df4c elementor-widget elementor-widget-heading\" data-id=\"8e6df4c\" data-element_type=\"widget\" data-widget_type=\"heading.default\">\n<div class=\"elementor-widget-container\">\n<h2 id=\"3-eael-table-of-content\" class=\"elementor-heading-title elementor-size-default eael-heading-content\">Serveur distant<\/h2>\n<\/div>\n<\/div>\n<div class=\"elementor-element elementor-element-ccab562 elementor-widget elementor-widget-text-editor\" data-id=\"ccab562\" data-element_type=\"widget\" data-widget_type=\"text-editor.default\">\n<div class=\"elementor-widget-container\">\n<p>C'est la m\u00e9thode la plus utilis\u00e9e si vous souhaitez connecter un ou plusieurs r\u00e9seaux maill\u00e9s \u00e0 un serveur distant sur internet avec un coordinateur ZigEasy.<br \/>Dans ce cas, il est essentiel de s\u00e9curiser les donn\u00e9es circulant entre votre coordinateur et le serveur distant.<\/p>\n<blockquote>\n<p><em><span style=\"color: #ffcc00;\">L'utilisation de la s\u00e9rie s\u00e9curis\u00e9e GEX S est fortement recommand\u00e9e car elle assure une communication crypt\u00e9e de type TLS ou AES entre le coordinateur et le serveur distant, la s\u00e9rie GEX S assurant cette fonction de mani\u00e8re native.<\/span><\/em><\/p>\n<\/blockquote>\n<p>En plus de cela, comme vu dans le cas pr\u00e9c\u00e9dent, vous devrez \u00e9galement mettre en place une m\u00e9thode de cryptage entre votre serveur distant et les utilisateurs.<\/p>\n<p><img decoding=\"async\" class=\"aligncenter wp-image-598 size-full\" src=\"https:\/\/eclotech.com\/wp-content\/uploads\/2025\/03\/Network1.webp\" alt=\"Remote Server\" width=\"1119\" height=\"441\" srcset=\"https:\/\/eclotech.com\/wp-content\/uploads\/2025\/03\/Network1.webp 1119w, https:\/\/eclotech.com\/wp-content\/uploads\/2025\/03\/Network1-500x197.webp 500w, https:\/\/eclotech.com\/wp-content\/uploads\/2025\/03\/Network1-1024x404.webp 1024w, https:\/\/eclotech.com\/wp-content\/uploads\/2025\/03\/Network1-768x303.webp 768w\" sizes=\"(max-width: 1119px) 100vw, 1119px\" \/><\/p>\n<\/div>\n<\/div>\n<\/div>","protected":false},"excerpt":{"rendered":"<p>Connecting ZigEasy Coordinator to a server There are multiple ways to retrieve data from a mesh network designed with the [&hellip;]<\/p>\n","protected":false},"author":1,"featured_media":0,"parent":0,"menu_order":0,"comment_status":"closed","ping_status":"closed","template":"","meta":{"_gspb_post_css":"","_uag_custom_page_level_css":"","site-sidebar-layout":"default","site-content-layout":"","ast-site-content-layout":"","site-content-style":"default","site-sidebar-style":"default","ast-global-header-display":"","ast-banner-title-visibility":"","ast-main-header-display":"","ast-hfb-above-header-display":"","ast-hfb-below-header-display":"","ast-hfb-mobile-header-display":"","site-post-title":"disabled","ast-breadcrumbs-content":"","ast-featured-img":"","footer-sml-layout":"","ast-disable-related-posts":"","theme-transparent-header-meta":"","adv-header-id-meta":"","stick-header-meta":"","header-above-stick-meta":"","header-main-stick-meta":"","header-below-stick-meta":"","astra-migrate-meta-layouts":"default","ast-page-background-enabled":"default","ast-page-background-meta":{"desktop":{"background-color":"var(--ast-global-color-5)","background-image":"","background-repeat":"repeat","background-position":"center center","background-size":"auto","background-attachment":"scroll","background-type":"","background-media":"","overlay-type":"","overlay-color":"","overlay-opacity":"","overlay-gradient":""},"tablet":{"background-color":"","background-image":"","background-repeat":"repeat","background-position":"center center","background-size":"auto","background-attachment":"scroll","background-type":"","background-media":"","overlay-type":"","overlay-color":"","overlay-opacity":"","overlay-gradient":""},"mobile":{"background-color":"","background-image":"","background-repeat":"repeat","background-position":"center center","background-size":"auto","background-attachment":"scroll","background-type":"","background-media":"","overlay-type":"","overlay-color":"","overlay-opacity":"","overlay-gradient":""}},"ast-content-background-meta":{"desktop":{"background-color":"var(--ast-global-color-4)","background-image":"","background-repeat":"repeat","background-position":"center center","background-size":"auto","background-attachment":"scroll","background-type":"","background-media":"","overlay-type":"","overlay-color":"","overlay-opacity":"","overlay-gradient":""},"tablet":{"background-color":"var(--ast-global-color-4)","background-image":"","background-repeat":"repeat","background-position":"center center","background-size":"auto","background-attachment":"scroll","background-type":"","background-media":"","overlay-type":"","overlay-color":"","overlay-opacity":"","overlay-gradient":""},"mobile":{"background-color":"var(--ast-global-color-4)","background-image":"","background-repeat":"repeat","background-position":"center center","background-size":"auto","background-attachment":"scroll","background-type":"","background-media":"","overlay-type":"","overlay-color":"","overlay-opacity":"","overlay-gradient":""}},"footnotes":""},"class_list":["post-297","page","type-page","status-publish","hentry"],"aioseo_notices":[],"uagb_featured_image_src":{"full":false,"thumbnail":false,"medium":false,"medium_large":false,"large":false,"1536x1536":false,"2048x2048":false,"trp-custom-language-flag":false},"uagb_author_info":{"display_name":"corso","author_link":"https:\/\/eclotech.com\/fr\/author\/corso\/"},"uagb_comment_info":0,"uagb_excerpt":"Connecting ZigEasy Coordinator to a server There are multiple ways to retrieve data from a mesh network designed with the [&hellip;]","_links":{"self":[{"href":"https:\/\/eclotech.com\/fr\/wp-json\/wp\/v2\/pages\/297","targetHints":{"allow":["GET"]}}],"collection":[{"href":"https:\/\/eclotech.com\/fr\/wp-json\/wp\/v2\/pages"}],"about":[{"href":"https:\/\/eclotech.com\/fr\/wp-json\/wp\/v2\/types\/page"}],"author":[{"embeddable":true,"href":"https:\/\/eclotech.com\/fr\/wp-json\/wp\/v2\/users\/1"}],"replies":[{"embeddable":true,"href":"https:\/\/eclotech.com\/fr\/wp-json\/wp\/v2\/comments?post=297"}],"version-history":[{"count":0,"href":"https:\/\/eclotech.com\/fr\/wp-json\/wp\/v2\/pages\/297\/revisions"}],"wp:attachment":[{"href":"https:\/\/eclotech.com\/fr\/wp-json\/wp\/v2\/media?parent=297"}],"curies":[{"name":"wp","href":"https:\/\/api.w.org\/{rel}","templated":true}]}}